{"id":8,"date":"2018-03-23T13:40:37","date_gmt":"2018-03-23T12:40:37","guid":{"rendered":"http:\/\/fechtsport-online.de\/?page_id=8"},"modified":"2025-11-25T09:38:22","modified_gmt":"2025-11-25T08:38:22","slug":"ueber-mich","status":"publish","type":"page","link":"https:\/\/fechtsport-online.de\/?page_id=8","title":{"rendered":"Trainingszeiten- und Ort"},"content":{"rendered":"<p><strong>Wir trainieren:<\/strong><\/p>\n<table>\n<tbody>\n<tr valign=\"top\">\n<td width=\"20%\">Dienstags:<\/td>\n<td>19.30 bis 22.00 Uhr<br \/>\n<strong>Turnierfechter ab U17<\/strong><br \/>\nin der Sporthalle der IGS Delmenhorst<\/td>\n<\/tr>\n<tr valign=\"top\">\n<td width=\"20%\">Mittwochs:<\/td>\n<td>18.30 bis 19.45 Uhr<br \/>\n<strong>Anf\u00e4nger- und Techniktraining<\/strong><br \/>\nin der Sporthalle der Grundschule Bungerhof<\/td>\n<\/tr>\n<tr valign=\"top\">\n<td width=\"20%\">Freitags:<\/td>\n<td>18.30 bis 20.00 Uhr<br \/>\n<strong>Training f\u00fcr Fortgeschrittene<\/p>\n<p><\/strong>18.30 bis 20.00 Uhr<br \/>\n<strong>Training f\u00fcr Turnierfechter<\/strong><br \/>\nin der Sporthalle am Stadion (Seiteneingang, Klingel benutzen)<\/td>\n<\/tr>\n<\/tbody>\n<\/table>\n<p><strong>Hinweis:<\/strong><\/p>\n<p>Anf\u00e4nger sind gerne zum Training am Mittwoch eingeladen.<\/p>\n<p>In den Schulferien findet in der Regel kein Training statt. Beim Fechten trainieren M\u00e4dchen und Jungen, Frauen und M\u00e4nner jeder Altersstufe gemeinsam. Das macht das Training abwechslungsreich und bunt \u2013 au\u00dferdem eignet es sich hervorragend als Familiensport<\/p>\n<p>Es ist wirklich jeder willkommen: zwischen zehn und 75 Jahren ist bei uns alles dabei. Wenn du also mitmachen m\u00f6chtest, schau doch einfach einmal beim Training am Mittwoch vorbei und lass dir die Welt des Fechtens zeigen. Weitere Infos gibt es am Telefon, per E-Mail oder via Nachricht bei Instragram!<\/p>\n<p><strong>\u00dcbrigens:<\/strong><br \/>\nMaterial wird nat\u00fcrlich vorerst vom Verein gestellt. Lediglich eine Trainingshose, ein Handtuch, Wasser und Hallenschuhe sind mitzubringen!<\/p>\n","protected":false},"excerpt":{"rendered":"<p>Wir trainieren: Dienstags: 19.30 bis 22.00 Uhr Turnierfechter ab U17 in der Sporthalle der IGS Delmenhorst Mittwochs: 18.30 bis 19.45 Uhr Anf\u00e4nger- und Techniktraining in der Sporthalle der Grundschule Bungerhof Freitags: 18.30 bis 20.00 Uhr Training f\u00fcr Fortgeschrittene 18.30 bis 20.00 Uhr Training f\u00fcr Turnierfechter in der Sporthalle am Stadion (Seiteneingang, Klingel benutzen) Hinweis: Anf\u00e4nger &hellip; <\/p>\n<p class=\"link-more\"><a href=\"https:\/\/fechtsport-online.de\/?page_id=8\" class=\"more-link\"><span class=\"screen-reader-text\">\u201eTrainingszeiten- und Ort\u201c<\/span> weiterlesen<\/a><\/p>\n","protected":false},"author":2,"featured_media":44,"parent":0,"menu_order":0,"comment_status":"closed","ping_status":"closed","template":"","meta":{"footnotes":""},"class_list":["post-8","page","type-page","status-publish","has-post-thumbnail","hentry"],"_links":{"self":[{"href":"https:\/\/fechtsport-online.de\/index.php?rest_route=\/wp\/v2\/pages\/8","targetHints":{"allow":["GET"]}}],"collection":[{"href":"https:\/\/fechtsport-online.de\/index.php?rest_route=\/wp\/v2\/pages"}],"about":[{"href":"https:\/\/fechtsport-online.de\/index.php?rest_route=\/wp\/v2\/types\/page"}],"author":[{"embeddable":true,"href":"https:\/\/fechtsport-online.de\/index.php?rest_route=\/wp\/v2\/users\/2"}],"replies":[{"embeddable":true,"href":"https:\/\/fechtsport-online.de\/index.php?rest_route=%2Fwp%2Fv2%2Fcomments&post=8"}],"version-history":[{"count":9,"href":"https:\/\/fechtsport-online.de\/index.php?rest_route=\/wp\/v2\/pages\/8\/revisions"}],"predecessor-version":[{"id":180,"href":"https:\/\/fechtsport-online.de\/index.php?rest_route=\/wp\/v2\/pages\/8\/revisions\/180"}],"wp:featuredmedia":[{"embeddable":true,"href":"https:\/\/fechtsport-online.de\/index.php?rest_route=\/wp\/v2\/media\/44"}],"wp:attachment":[{"href":"https:\/\/fechtsport-online.de\/index.php?rest_route=%2Fwp%2Fv2%2Fmedia&parent=8"}],"curies":[{"name":"wp","href":"https:\/\/api.w.org\/{rel}","templated":true}]}}